{"id":26159,"date":"2023-04-27T17:18:44","date_gmt":"2023-04-27T15:18:44","guid":{"rendered":"https:\/\/hikencheese.be\/fondues-preise\/"},"modified":"2025-09-02T09:47:48","modified_gmt":"2025-09-02T07:47:48","slug":"fondues-preise-fr","status":"publish","type":"page","link":"https:\/\/hikencheese.be\/fr\/fondues-preise-fr\/","title":{"rendered":"Fondues &amp; Preise FR"},"content":{"rendered":"\t\t<div data-elementor-type=\"wp-page\" data-elementor-id=\"26159\" class=\"elementor elementor-26159 elementor-25227\">\n\t\t\t\t\t\t<div class=\"elementor-inner\">\n\t\t\t\t<div class=\"elementor-section-wrap\">\n\t\t\t\t\t\t\t\t\t<section class=\"elementor-section elementor-top-section elementor-element elementor-element-870803f elementor-section-boxed elementor-section-height-default elementor-section-height-default sc_fly_static\" data-id=\"870803f\" data-element_type=\"section\">\n\t\t\t\t\t\t<div class=\"elementor-container elementor-column-gap-extended\">\n\t\t\t\t\t\t\t<div class=\"elementor-row\">\n\t\t\t\t\t<div class=\"elementor-column elementor-col-100 elementor-top-column elementor-element elementor-element-84d9684 sc_inner_width_none sc_content_align_inherit sc_layouts_column_icons_position_left sc_fly_static\" data-id=\"84d9684\" data-element_type=\"column\">\n\t\t\t<div class=\"elementor-column-wrap elementor-element-populated\">\n\t\t\t\t\t\t\t<div class=\"elementor-widget-wrap\">\n\t\t\t\t\t\t<div class=\"elementor-element elementor-element-7e6b35d sc_height_huge sc_fly_static elementor-widget elementor-widget-spacer\" data-id=\"7e6b35d\" data-element_type=\"widget\" data-widget_type=\"spacer.default\">\n\t\t\t\t<div class=\"elementor-widget-container\">\n\t\t\t\t\t<div class=\"elementor-spacer\">\n\t\t\t<div class=\"elementor-spacer-inner\"><\/div>\n\t\t<\/div>\n\t\t\t\t<\/div>\n\t\t\t\t<\/div>\n\t\t\t\t\t\t<\/div>\n\t\t\t\t\t<\/div>\n\t\t<\/div>\n\t\t\t\t\t\t\t\t<\/div>\n\t\t\t\t\t<\/div>\n\t\t<\/section>\n\t\t\t\t<section class=\"elementor-section elementor-top-section elementor-element elementor-element-5bb7fe4 elementor-section-content-middle elementor-section-boxed elementor-section-height-default elementor-section-height-default sc_fly_static\" data-id=\"5bb7fe4\" data-element_type=\"section\">\n\t\t\t\t\t\t<div class=\"elementor-container elementor-column-gap-extended\">\n\t\t\t\t\t\t\t<div class=\"elementor-row\">\n\t\t\t\t\t<div class=\"elementor-column elementor-col-50 elementor-top-column elementor-element elementor-element-9aca13a sc_inner_width_none sc_content_align_inherit sc_layouts_column_icons_position_left sc_fly_static\" data-id=\"9aca13a\" data-element_type=\"column\">\n\t\t\t<div class=\"elementor-column-wrap elementor-element-populated\">\n\t\t\t\t\t\t\t<div class=\"elementor-widget-wrap\">\n\t\t\t\t\t\t<div class=\"elementor-element elementor-element-623be4b sc_fly_static elementor-widget elementor-widget-heading\" data-id=\"623be4b\" data-element_type=\"widget\" data-widget_type=\"heading.default\">\n\t\t\t\t<div class=\"elementor-widget-container\">\n\t\t\t<h2 class=\"elementor-heading-title elementor-size-default\">Fondues &amp; prix<\/h2>\t\t<\/div>\n\t\t\t\t<\/div>\n\t\t\t\t<div class=\"elementor-element elementor-element-ee996d3 sc_fly_static elementor-widget elementor-widget-spacer\" data-id=\"ee996d3\" data-element_type=\"widget\" data-widget_type=\"spacer.default\">\n\t\t\t\t<div class=\"elementor-widget-container\">\n\t\t\t\t\t<div class=\"elementor-spacer\">\n\t\t\t<div class=\"elementor-spacer-inner\"><\/div>\n\t\t<\/div>\n\t\t\t\t<\/div>\n\t\t\t\t<\/div>\n\t\t\t\t<div class=\"elementor-element elementor-element-a915425 sc_fly_static elementor-widget elementor-widget-text-editor\" data-id=\"a915425\" data-element_type=\"widget\" data-widget_type=\"text-editor.default\">\n\t\t\t\t<div class=\"elementor-widget-container\">\n\t\t\t\t\t\t\t\t<div class=\"elementor-text-editor elementor-clearfix\">\n\t\t\t\t<p>Classic Fondue (au fond de vin) &#8211; <strong>21\u20ac\/personne<\/strong><br \/>0,0% Fondue\u00a0 (au fond de vin sans alcool) &#8211; <strong>21\u20ac\/personne<\/strong><br \/>Richtenberger Fondue\u00a0 (fond \u00e0 la bi\u00e8re locale) &#8211; <strong>21\u20ac\/personne<\/strong><br \/>Kinds Fondue\u00a0 (demie portion) &#8211; <strong>14\u20ac\/enfant<\/strong><\/p>\t\t\t\t\t<\/div>\n\t\t\t\t\t\t<\/div>\n\t\t\t\t<\/div>\n\t\t\t\t<div class=\"elementor-element elementor-element-f917900 sc_fly_static elementor-widget elementor-widget-spacer\" data-id=\"f917900\" data-element_type=\"widget\" data-widget_type=\"spacer.default\">\n\t\t\t\t<div class=\"elementor-widget-container\">\n\t\t\t\t\t<div class=\"elementor-spacer\">\n\t\t\t<div class=\"elementor-spacer-inner\"><\/div>\n\t\t<\/div>\n\t\t\t\t<\/div>\n\t\t\t\t<\/div>\n\t\t\t\t<div class=\"elementor-element elementor-element-a9f2233 sc_fly_static elementor-widget elementor-widget-text-editor\" data-id=\"a9f2233\" data-element_type=\"widget\" data-widget_type=\"text-editor.default\">\n\t\t\t\t<div class=\"elementor-widget-container\">\n\t\t\t\t\t\t\t\t<div class=\"elementor-text-editor elementor-clearfix\">\n\t\t\t\t<p>1\/2 b<em>aguette par personne est incluse<\/em><\/p><p><strong>Extras<br \/><\/strong>Variation de salami &amp; jambon de la r\u00e9gion &#8211; <strong>5\u20ac\/personne<\/strong><br \/>demie baguette suppl\u00e9mentaire &#8211; <strong>1,5\u20ac<\/strong><\/p><ul><li>Les groupes jusque 4 personnes sont pri\u00e9s de choisir la m\u00eame fondue.<\/li><li>Toutes les fondues sont compos\u00e9es d&rsquo;un m\u00e9lange de fromages r\u00e9gionaux.<br \/>Ingr\u00e9dients principaux : Rechter K\u00e4se et Le Valet, autres vari\u00e9t\u00e9s en fonction de la livraison<\/li><li>Nous demandons une caution lors de la remise du sac \u00e0 dos<\/li><\/ul>\t\t\t\t\t<\/div>\n\t\t\t\t\t\t<\/div>\n\t\t\t\t<\/div>\n\t\t\t\t<div class=\"elementor-element elementor-element-3555c15 sc_fly_static elementor-widget elementor-widget-spacer\" data-id=\"3555c15\" data-element_type=\"widget\" data-widget_type=\"spacer.default\">\n\t\t\t\t<div class=\"elementor-widget-container\">\n\t\t\t\t\t<div class=\"elementor-spacer\">\n\t\t\t<div class=\"elementor-spacer-inner\"><\/div>\n\t\t<\/div>\n\t\t\t\t<\/div>\n\t\t\t\t<\/div>\n\t\t\t\t<div class=\"elementor-element elementor-element-a45ced5 sc_fly_static elementor-widget elementor-widget-spacer\" data-id=\"a45ced5\" data-element_type=\"widget\" data-widget_type=\"spacer.default\">\n\t\t\t\t<div class=\"elementor-widget-container\">\n\t\t\t\t\t<div class=\"elementor-spacer\">\n\t\t\t<div class=\"elementor-spacer-inner\"><\/div>\n\t\t<\/div>\n\t\t\t\t<\/div>\n\t\t\t\t<\/div>\n\t\t\t\t<div class=\"elementor-element elementor-element-3e35444 sc_fly_static elementor-widget elementor-widget-text-editor\" data-id=\"3e35444\" data-element_type=\"widget\" data-widget_type=\"text-editor.default\">\n\t\t\t\t<div class=\"elementor-widget-container\">\n\t\t\t\t\t\t\t\t<div class=\"elementor-text-editor elementor-clearfix\">\n\t\t\t\t<p>Boissons<strong><br \/><\/strong><\/p><p style=\", sans-serif;font-size: 17px;line-height: inherit;font-weight: 400;font-style: normal;margin-bottom: 1.57em\"><span style=\"text-decoration: underline\"><span style=\"font-size: 17px\">Vin blanc (75cl)<\/span><\/span><br \/>Gramofon Cuv\u00e9e 4 c\u00e9pages (Roumanie) \u2013 <b>15,00\u20ac<br \/><\/b>Flor de Sal Bronze (Portugal) \u2013<b>\u00a012,50\u20ac<br \/><\/b>Burgmauer Riesling feinherb (Moselle DE) \u2013<b>\u00a014,50\u20ac<\/b><\/p><p><span style=\"text-decoration: underline\">Ros\u00e9 (75cl)<\/span><br \/>Sp\u00e4tburgunder feinherb (Mosel DE) \u2013\u00a0<strong>14,50\u20ac<br \/><\/strong>Flor de Sal (Portugal)<strong> &#8211; 12,50\u20ac<\/strong><\/p><p><span style=\"text-decoration: underline\">Vin rouge (75cl)<\/span><strong><br \/><\/strong>Vinha d\u2019Ervideira (Portugal) \u2013\u00a0<strong>14,50\u20ac<\/strong><br \/>Virtuoz Merlot (Roumanie) \u2013 <strong>13,70\u20ac<\/strong><\/p><p><span style=\"text-decoration: underline\">Bulles (75cl)<\/span><br \/>Vinha d\u2019Ervideira (Portugal) \u2013\u00a0<strong>16,90\u20ac<\/strong><\/p><p>Bi\u00e8re Richtenberger 33cl &#8211; <strong>4\u20ac<\/strong><\/p>\t\t\t\t\t<\/div>\n\t\t\t\t\t\t<\/div>\n\t\t\t\t<\/div>\n\t\t\t\t<div class=\"elementor-element elementor-element-f717634 sc_fly_static elementor-widget elementor-widget-spacer\" data-id=\"f717634\" data-element_type=\"widget\" data-widget_type=\"spacer.default\">\n\t\t\t\t<div class=\"elementor-widget-container\">\n\t\t\t\t\t<div class=\"elementor-spacer\">\n\t\t\t<div class=\"elementor-spacer-inner\"><\/div>\n\t\t<\/div>\n\t\t\t\t<\/div>\n\t\t\t\t<\/div>\n\t\t\t\t<div class=\"elementor-element elementor-element-8ff6635 elementor-align-left sc_fly_static elementor-widget elementor-widget-button\" data-id=\"8ff6635\" data-element_type=\"widget\" data-widget_type=\"button.default\">\n\t\t\t\t<div class=\"elementor-widget-container\">\n\t\t\t\t\t<div class=\"elementor-button-wrapper\">\n\t\t\t<a href=\"https:\/\/www.hikencheese.be\/kontakt-reservierung\/\" class=\"elementor-button-link elementor-button elementor-size-lg\" role=\"button\">\n\t\t\t\t\t\t<span class=\"elementor-button-content-wrapper\">\n\t\t\t\t\t\t<span class=\"elementor-button-text\">CONTACT + RESERVATION<\/span>\n\t\t<\/span>\n\t\t\t\t\t<\/a>\n\t\t<\/div>\n\t\t\t\t<\/div>\n\t\t\t\t<\/div>\n\t\t\t\t\t\t<\/div>\n\t\t\t\t\t<\/div>\n\t\t<\/div>\n\t\t\t\t<div class=\"elementor-column elementor-col-50 elementor-top-column elementor-element elementor-element-2acad63 sc_inner_width_none sc_content_align_inherit sc_layouts_column_icons_position_left sc_fly_static\" data-id=\"2acad63\" data-element_type=\"column\">\n\t\t\t<div class=\"elementor-column-wrap elementor-element-populated\">\n\t\t\t\t\t\t\t<div class=\"elementor-widget-wrap\">\n\t\t\t\t\t\t<div class=\"elementor-element elementor-element-cc32b45 no-title sc_fly_static elementor-widget elementor-widget-image\" data-id=\"cc32b45\" data-element_type=\"widget\" data-widget_type=\"image.default\">\n\t\t\t\t<div class=\"elementor-widget-container\">\n\t\t\t\t\t\t\t\t<div class=\"elementor-image\">\n\t\t\t\t\t\t\t\t\t\t\t\t<img decoding=\"async\" width=\"2000\" height=\"1358\" src=\"https:\/\/hikencheese.be\/wp-content\/uploads\/sites\/5\/2023\/05\/FONDUE1.jpg\" class=\"attachment-full size-full wp-image-25417\" alt=\"\" loading=\"lazy\" srcset=\"https:\/\/hikencheese.be\/wp-content\/uploads\/sites\/5\/2023\/05\/FONDUE1.jpg 2000w, https:\/\/hikencheese.be\/wp-content\/uploads\/sites\/5\/2023\/05\/FONDUE1-300x204.jpg 300w, https:\/\/hikencheese.be\/wp-content\/uploads\/sites\/5\/2023\/05\/FONDUE1-1024x695.jpg 1024w, https:\/\/hikencheese.be\/wp-content\/uploads\/sites\/5\/2023\/05\/FONDUE1-768x521.jpg 768w, https:\/\/hikencheese.be\/wp-content\/uploads\/sites\/5\/2023\/05\/FONDUE1-1536x1043.jpg 1536w, https:\/\/hikencheese.be\/wp-content\/uploads\/sites\/5\/2023\/05\/FONDUE1-370x251.jpg 370w, https:\/\/hikencheese.be\/wp-content\/uploads\/sites\/5\/2023\/05\/FONDUE1-840x570.jpg 840w, https:\/\/hikencheese.be\/wp-content\/uploads\/sites\/5\/2023\/05\/FONDUE1-410x278.jpg 410w\" sizes=\"(max-width: 2000px) 100vw, 2000px\" \/>\t\t\t\t\t\t\t\t\t\t\t\t\t\t<\/div>\n\t\t\t\t\t\t<\/div>\n\t\t\t\t<\/div>\n\t\t\t\t<div class=\"elementor-element elementor-element-bf491ca sc_fly_static elementor-widget elementor-widget-spacer\" data-id=\"bf491ca\" data-element_type=\"widget\" data-widget_type=\"spacer.default\">\n\t\t\t\t<div class=\"elementor-widget-container\">\n\t\t\t\t\t<div class=\"elementor-spacer\">\n\t\t\t<div class=\"elementor-spacer-inner\"><\/div>\n\t\t<\/div>\n\t\t\t\t<\/div>\n\t\t\t\t<\/div>\n\t\t\t\t<div class=\"elementor-element elementor-element-c9fdce0 no-title sc_fly_static elementor-widget elementor-widget-image\" data-id=\"c9fdce0\" data-element_type=\"widget\" data-widget_type=\"image.default\">\n\t\t\t\t<div class=\"elementor-widget-container\">\n\t\t\t\t\t\t\t\t<div class=\"elementor-image\">\n\t\t\t\t\t\t\t\t\t\t\t\t<img decoding=\"async\" width=\"2000\" height=\"1370\" src=\"https:\/\/hikencheese.be\/wp-content\/uploads\/sites\/5\/2023\/05\/FONDUE2.jpg\" class=\"attachment-full size-full wp-image-25418\" alt=\"\" loading=\"lazy\" srcset=\"https:\/\/hikencheese.be\/wp-content\/uploads\/sites\/5\/2023\/05\/FONDUE2.jpg 2000w, https:\/\/hikencheese.be\/wp-content\/uploads\/sites\/5\/2023\/05\/FONDUE2-300x206.jpg 300w, https:\/\/hikencheese.be\/wp-content\/uploads\/sites\/5\/2023\/05\/FONDUE2-1024x701.jpg 1024w, https:\/\/hikencheese.be\/wp-content\/uploads\/sites\/5\/2023\/05\/FONDUE2-768x526.jpg 768w, https:\/\/hikencheese.be\/wp-content\/uploads\/sites\/5\/2023\/05\/FONDUE2-1536x1052.jpg 1536w, https:\/\/hikencheese.be\/wp-content\/uploads\/sites\/5\/2023\/05\/FONDUE2-370x253.jpg 370w, https:\/\/hikencheese.be\/wp-content\/uploads\/sites\/5\/2023\/05\/FONDUE2-840x575.jpg 840w, https:\/\/hikencheese.be\/wp-content\/uploads\/sites\/5\/2023\/05\/FONDUE2-410x281.jpg 410w\" sizes=\"(max-width: 2000px) 100vw, 2000px\" \/>\t\t\t\t\t\t\t\t\t\t\t\t\t\t<\/div>\n\t\t\t\t\t\t<\/div>\n\t\t\t\t<\/div>\n\t\t\t\t\t\t<\/div>\n\t\t\t\t\t<\/div>\n\t\t<\/div>\n\t\t\t\t\t\t\t\t<\/div>\n\t\t\t\t\t<\/div>\n\t\t<\/section>\n\t\t\t\t<section class=\"elementor-section elementor-top-section elementor-element elementor-element-b74538f elementor-section-boxed elementor-section-height-default elementor-section-height-default sc_fly_static\" data-id=\"b74538f\" data-element_type=\"section\">\n\t\t\t\t\t\t<div class=\"elementor-container elementor-column-gap-extended\">\n\t\t\t\t\t\t\t<div class=\"elementor-row\">\n\t\t\t\t\t<div class=\"elementor-column elementor-col-100 elementor-top-column elementor-element elementor-element-5361433 sc_inner_width_none sc_content_align_inherit sc_layouts_column_icons_position_left sc_fly_static\" data-id=\"5361433\" data-element_type=\"column\">\n\t\t\t<div class=\"elementor-column-wrap elementor-element-populated\">\n\t\t\t\t\t\t\t<div class=\"elementor-widget-wrap\">\n\t\t\t\t\t\t<div class=\"elementor-element elementor-element-e599ad7 sc_height_huge sc_fly_static elementor-widget elementor-widget-spacer\" data-id=\"e599ad7\" data-element_type=\"widget\" data-widget_type=\"spacer.default\">\n\t\t\t\t<div class=\"elementor-widget-container\">\n\t\t\t\t\t<div class=\"elementor-spacer\">\n\t\t\t<div class=\"elementor-spacer-inner\"><\/div>\n\t\t<\/div>\n\t\t\t\t<\/div>\n\t\t\t\t<\/div>\n\t\t\t\t\t\t<\/div>\n\t\t\t\t\t<\/div>\n\t\t<\/div>\n\t\t\t\t\t\t\t\t<\/div>\n\t\t\t\t\t<\/div>\n\t\t<\/section>\n\t\t\t\t\t\t\t\t\t<\/div>\n\t\t\t<\/div>\n\t\t\t\t\t<\/div>\n\t\t","protected":false},"excerpt":{"rendered":"<p>Fondues &amp; prix Classic Fondue (au fond de vin) &#8211; 21\u20ac\/personne0,0% Fondue\u00a0 (au fond de vin sans alcool) &#8211; 21\u20ac\/personneRichtenberger Fondue\u00a0 (fond \u00e0 la bi\u00e8re locale) &#8211; 21\u20ac\/personneKinds Fondue\u00a0 (demie&hellip;<\/p>\n","protected":false},"author":1,"featured_media":0,"parent":0,"menu_order":0,"comment_status":"closed","ping_status":"closed","template":"","meta":[],"_links":{"self":[{"href":"https:\/\/hikencheese.be\/fr\/wp-json\/wp\/v2\/pages\/26159"}],"collection":[{"href":"https:\/\/hikencheese.be\/fr\/wp-json\/wp\/v2\/pages"}],"about":[{"href":"https:\/\/hikencheese.be\/fr\/wp-json\/wp\/v2\/types\/page"}],"author":[{"embeddable":true,"href":"https:\/\/hikencheese.be\/fr\/wp-json\/wp\/v2\/users\/1"}],"replies":[{"embeddable":true,"href":"https:\/\/hikencheese.be\/fr\/wp-json\/wp\/v2\/comments?post=26159"}],"version-history":[{"count":58,"href":"https:\/\/hikencheese.be\/fr\/wp-json\/wp\/v2\/pages\/26159\/revisions"}],"predecessor-version":[{"id":27596,"href":"https:\/\/hikencheese.be\/fr\/wp-json\/wp\/v2\/pages\/26159\/revisions\/27596"}],"wp:attachment":[{"href":"https:\/\/hikencheese.be\/fr\/wp-json\/wp\/v2\/media?parent=26159"}],"curies":[{"name":"wp","href":"https:\/\/api.w.org\/{rel}","templated":true}]}}