{"id":26155,"date":"2023-04-26T10:24:42","date_gmt":"2023-04-26T08:24:42","guid":{"rendered":"https:\/\/hikencheese.be\/das-konzept\/"},"modified":"2023-08-28T18:32:05","modified_gmt":"2023-08-28T16:32:05","slug":"das-konzept-fr","status":"publish","type":"page","link":"https:\/\/hikencheese.be\/fr\/das-konzept-fr\/","title":{"rendered":"Das Konzept FR"},"content":{"rendered":"\t\t<div data-elementor-type=\"wp-page\" data-elementor-id=\"26155\" class=\"elementor elementor-26155 elementor-25129\">\n\t\t\t\t\t\t<div class=\"elementor-inner\">\n\t\t\t\t<div class=\"elementor-section-wrap\">\n\t\t\t\t\t\t\t\t\t<section class=\"elementor-section elementor-top-section elementor-element elementor-element-870803f elementor-section-boxed elementor-section-height-default elementor-section-height-default sc_fly_static\" data-id=\"870803f\" data-element_type=\"section\">\n\t\t\t\t\t\t<div class=\"elementor-container elementor-column-gap-extended\">\n\t\t\t\t\t\t\t<div class=\"elementor-row\">\n\t\t\t\t\t<div class=\"elementor-column elementor-col-100 elementor-top-column elementor-element elementor-element-84d9684 sc_inner_width_none sc_content_align_inherit sc_layouts_column_icons_position_left sc_fly_static\" data-id=\"84d9684\" data-element_type=\"column\">\n\t\t\t<div class=\"elementor-column-wrap elementor-element-populated\">\n\t\t\t\t\t\t\t<div class=\"elementor-widget-wrap\">\n\t\t\t\t\t\t<div class=\"elementor-element elementor-element-7e6b35d sc_height_huge sc_fly_static elementor-widget elementor-widget-spacer\" data-id=\"7e6b35d\" data-element_type=\"widget\" data-widget_type=\"spacer.default\">\n\t\t\t\t<div class=\"elementor-widget-container\">\n\t\t\t\t\t<div class=\"elementor-spacer\">\n\t\t\t<div class=\"elementor-spacer-inner\"><\/div>\n\t\t<\/div>\n\t\t\t\t<\/div>\n\t\t\t\t<\/div>\n\t\t\t\t\t\t<\/div>\n\t\t\t\t\t<\/div>\n\t\t<\/div>\n\t\t\t\t\t\t\t\t<\/div>\n\t\t\t\t\t<\/div>\n\t\t<\/section>\n\t\t\t\t<section class=\"elementor-section elementor-top-section elementor-element elementor-element-5bb7fe4 elementor-section-content-middle elementor-section-boxed elementor-section-height-default elementor-section-height-default sc_fly_static\" data-id=\"5bb7fe4\" data-element_type=\"section\">\n\t\t\t\t\t\t<div class=\"elementor-container elementor-column-gap-extended\">\n\t\t\t\t\t\t\t<div class=\"elementor-row\">\n\t\t\t\t\t<div class=\"elementor-column elementor-col-50 elementor-top-column elementor-element elementor-element-2acad63 sc_inner_width_none sc_content_align_inherit sc_layouts_column_icons_position_left sc_fly_static\" data-id=\"2acad63\" data-element_type=\"column\">\n\t\t\t<div class=\"elementor-column-wrap elementor-element-populated\">\n\t\t\t\t\t\t\t<div class=\"elementor-widget-wrap\">\n\t\t\t\t\t\t<div class=\"elementor-element elementor-element-cc32b45 no-title sc_fly_static elementor-widget elementor-widget-image\" data-id=\"cc32b45\" data-element_type=\"widget\" data-widget_type=\"image.default\">\n\t\t\t\t<div class=\"elementor-widget-container\">\n\t\t\t\t\t\t\t\t<div class=\"elementor-image\">\n\t\t\t\t\t\t\t\t\t\t\t\t<img decoding=\"async\" src=\"https:\/\/hikencheese.be\/wp-content\/uploads\/sites\/5\/elementor\/thumbs\/KONZEPT-q6b7gh6ug2p6aggi2m07m744jtuegzo8m4ib5wxkbs.jpg\" title=\"KONZEPT\" alt=\"KONZEPT\" loading=\"lazy\" \/>\t\t\t\t\t\t\t\t\t\t\t\t\t\t<\/div>\n\t\t\t\t\t\t<\/div>\n\t\t\t\t<\/div>\n\t\t\t\t\t\t<\/div>\n\t\t\t\t\t<\/div>\n\t\t<\/div>\n\t\t\t\t<div class=\"elementor-column elementor-col-50 elementor-top-column elementor-element elementor-element-9aca13a sc_inner_width_none sc_content_align_inherit sc_layouts_column_icons_position_left sc_fly_static\" data-id=\"9aca13a\" data-element_type=\"column\">\n\t\t\t<div class=\"elementor-column-wrap elementor-element-populated\">\n\t\t\t\t\t\t\t<div class=\"elementor-widget-wrap\">\n\t\t\t\t\t\t<div class=\"elementor-element elementor-element-623be4b sc_fly_static elementor-widget elementor-widget-heading\" data-id=\"623be4b\" data-element_type=\"widget\" data-widget_type=\"heading.default\">\n\t\t\t\t<div class=\"elementor-widget-container\">\n\t\t\t<h2 class=\"elementor-heading-title elementor-size-default\">Le concept<\/h2>\t\t<\/div>\n\t\t\t\t<\/div>\n\t\t\t\t<div class=\"elementor-element elementor-element-ee996d3 sc_fly_static elementor-widget elementor-widget-spacer\" data-id=\"ee996d3\" data-element_type=\"widget\" data-widget_type=\"spacer.default\">\n\t\t\t\t<div class=\"elementor-widget-container\">\n\t\t\t\t\t<div class=\"elementor-spacer\">\n\t\t\t<div class=\"elementor-spacer-inner\"><\/div>\n\t\t<\/div>\n\t\t\t\t<\/div>\n\t\t\t\t<\/div>\n\t\t\t\t<div class=\"elementor-element elementor-element-a915425 sc_fly_static elementor-widget elementor-widget-text-editor\" data-id=\"a915425\" data-element_type=\"widget\" data-widget_type=\"text-editor.default\">\n\t\t\t\t<div class=\"elementor-widget-container\">\n\t\t\t\t\t\t\t\t<div class=\"elementor-text-editor elementor-clearfix\">\n\t\t\t\t<p><strong>Comment cela fonctionne:<\/strong><\/p><ul><li><p style=\"font-family: 'DM Sans', sans-serif;font-size: 17px;line-height: inherit;font-weight: 400;font-style: normal;text-align: start\"><span style=\"background-color: var(--theme-color-bg_color);font-family: 'DM Sans', sans-serif;font-size: 19px;font-style: normal;font-weight: 400;letter-spacing: 0px;text-align: center\">R\u00e9servez la fondue de fromage de votre choix<\/span><\/p><\/li><li><p style=\"font-family: 'DM Sans', sans-serif;font-size: 17px;line-height: inherit;font-weight: 400;font-style: normal;text-align: start\"><span style=\"background-color: var(--theme-color-bg_color);font-family: 'DM Sans', sans-serif;font-size: 19px;font-style: normal;font-weight: 400;letter-spacing: 0px;text-align: center\">R\u00e9cup\u00e9rez le sac \u00e0 dos tout pr\u00e9par\u00e9<\/span><\/p><\/li><li><span style=\"font-family: 'DM Sans', sans-serif;font-size: 19px;font-style: normal;font-weight: 400;text-align: center\">Choisissez un itin\u00e9raire de randon\u00e9e parmi nos favoris et commencez l\u2019aventure<\/span><\/li><li><span style=\"font-family: 'DM Sans', sans-serif;font-size: 19px;font-style: normal;font-weight: 400;text-align: center\">Ramenez le sac \u00e0 dos \u2013 nous nous occupons du reste<\/span><\/li><\/ul>\t\t\t\t\t<\/div>\n\t\t\t\t\t\t<\/div>\n\t\t\t\t<\/div>\n\t\t\t\t<div class=\"elementor-element elementor-element-3555c15 sc_fly_static elementor-widget elementor-widget-spacer\" data-id=\"3555c15\" data-element_type=\"widget\" data-widget_type=\"spacer.default\">\n\t\t\t\t<div class=\"elementor-widget-container\">\n\t\t\t\t\t<div class=\"elementor-spacer\">\n\t\t\t<div class=\"elementor-spacer-inner\"><\/div>\n\t\t<\/div>\n\t\t\t\t<\/div>\n\t\t\t\t<\/div>\n\t\t\t\t<div class=\"elementor-element elementor-element-a45ced5 sc_fly_static elementor-widget elementor-widget-spacer\" data-id=\"a45ced5\" data-element_type=\"widget\" data-widget_type=\"spacer.default\">\n\t\t\t\t<div class=\"elementor-widget-container\">\n\t\t\t\t\t<div class=\"elementor-spacer\">\n\t\t\t<div class=\"elementor-spacer-inner\"><\/div>\n\t\t<\/div>\n\t\t\t\t<\/div>\n\t\t\t\t<\/div>\n\t\t\t\t<div class=\"elementor-element elementor-element-8cf2215 sc_fly_static elementor-widget elementor-widget-text-editor\" data-id=\"8cf2215\" data-element_type=\"widget\" data-widget_type=\"text-editor.default\">\n\t\t\t\t<div class=\"elementor-widget-container\">\n\t\t\t\t\t\t\t\t<div class=\"elementor-text-editor elementor-clearfix\">\n\t\t\t\t<p>Nous vous envoyons \u00e0 l&rsquo;avance par e-mail tous les d\u00e9tails concernant le stationnement et l&rsquo;arriv\u00e9e.<\/p><p>A votre arriv\u00e9e, vous recevrez un petit briefing.<\/p>\t\t\t\t\t<\/div>\n\t\t\t\t\t\t<\/div>\n\t\t\t\t<\/div>\n\t\t\t\t<div class=\"elementor-element elementor-element-f717634 sc_fly_static elementor-widget elementor-widget-spacer\" data-id=\"f717634\" data-element_type=\"widget\" data-widget_type=\"spacer.default\">\n\t\t\t\t<div class=\"elementor-widget-container\">\n\t\t\t\t\t<div class=\"elementor-spacer\">\n\t\t\t<div class=\"elementor-spacer-inner\"><\/div>\n\t\t<\/div>\n\t\t\t\t<\/div>\n\t\t\t\t<\/div>\n\t\t\t\t<div class=\"elementor-element elementor-element-8ff6635 elementor-align-left sc_fly_static elementor-widget elementor-widget-button\" data-id=\"8ff6635\" data-element_type=\"widget\" data-widget_type=\"button.default\">\n\t\t\t\t<div class=\"elementor-widget-container\">\n\t\t\t\t\t<div class=\"elementor-button-wrapper\">\n\t\t\t<a href=\"https:\/\/www.hikencheese.be\/kontakt-reservierung\/\" class=\"elementor-button-link elementor-button elementor-size-md\" role=\"button\">\n\t\t\t\t\t\t<span class=\"elementor-button-content-wrapper\">\n\t\t\t\t\t\t<span class=\"elementor-button-text\">CONTACT + RESERVATION<\/span>\n\t\t<\/span>\n\t\t\t\t\t<\/a>\n\t\t<\/div>\n\t\t\t\t<\/div>\n\t\t\t\t<\/div>\n\t\t\t\t\t\t<\/div>\n\t\t\t\t\t<\/div>\n\t\t<\/div>\n\t\t\t\t\t\t\t\t<\/div>\n\t\t\t\t\t<\/div>\n\t\t<\/section>\n\t\t\t\t<section class=\"elementor-section elementor-top-section elementor-element elementor-element-b74538f elementor-section-boxed elementor-section-height-default elementor-section-height-default sc_fly_static\" data-id=\"b74538f\" data-element_type=\"section\">\n\t\t\t\t\t\t<div class=\"elementor-container elementor-column-gap-extended\">\n\t\t\t\t\t\t\t<div class=\"elementor-row\">\n\t\t\t\t\t<div class=\"elementor-column elementor-col-100 elementor-top-column elementor-element elementor-element-5361433 sc_inner_width_none sc_content_align_inherit sc_layouts_column_icons_position_left sc_fly_static\" data-id=\"5361433\" data-element_type=\"column\">\n\t\t\t<div class=\"elementor-column-wrap elementor-element-populated\">\n\t\t\t\t\t\t\t<div class=\"elementor-widget-wrap\">\n\t\t\t\t\t\t<div class=\"elementor-element elementor-element-e599ad7 sc_height_huge sc_fly_static elementor-widget elementor-widget-spacer\" data-id=\"e599ad7\" data-element_type=\"widget\" data-widget_type=\"spacer.default\">\n\t\t\t\t<div class=\"elementor-widget-container\">\n\t\t\t\t\t<div class=\"elementor-spacer\">\n\t\t\t<div class=\"elementor-spacer-inner\"><\/div>\n\t\t<\/div>\n\t\t\t\t<\/div>\n\t\t\t\t<\/div>\n\t\t\t\t\t\t<\/div>\n\t\t\t\t\t<\/div>\n\t\t<\/div>\n\t\t\t\t\t\t\t\t<\/div>\n\t\t\t\t\t<\/div>\n\t\t<\/section>\n\t\t\t\t\t\t\t\t\t<\/div>\n\t\t\t<\/div>\n\t\t\t\t\t<\/div>\n\t\t","protected":false},"excerpt":{"rendered":"<p>Le concept Comment cela fonctionne: R\u00e9servez la fondue de fromage de votre choix R\u00e9cup\u00e9rez le sac \u00e0 dos tout pr\u00e9par\u00e9 Choisissez un itin\u00e9raire de randon\u00e9e parmi nos favoris et commencez&hellip;<\/p>\n","protected":false},"author":1,"featured_media":0,"parent":0,"menu_order":0,"comment_status":"closed","ping_status":"closed","template":"","meta":[],"_links":{"self":[{"href":"https:\/\/hikencheese.be\/fr\/wp-json\/wp\/v2\/pages\/26155"}],"collection":[{"href":"https:\/\/hikencheese.be\/fr\/wp-json\/wp\/v2\/pages"}],"about":[{"href":"https:\/\/hikencheese.be\/fr\/wp-json\/wp\/v2\/types\/page"}],"author":[{"embeddable":true,"href":"https:\/\/hikencheese.be\/fr\/wp-json\/wp\/v2\/users\/1"}],"replies":[{"embeddable":true,"href":"https:\/\/hikencheese.be\/fr\/wp-json\/wp\/v2\/comments?post=26155"}],"version-history":[{"count":10,"href":"https:\/\/hikencheese.be\/fr\/wp-json\/wp\/v2\/pages\/26155\/revisions"}],"predecessor-version":[{"id":26875,"href":"https:\/\/hikencheese.be\/fr\/wp-json\/wp\/v2\/pages\/26155\/revisions\/26875"}],"wp:attachment":[{"href":"https:\/\/hikencheese.be\/fr\/wp-json\/wp\/v2\/media?parent=26155"}],"curies":[{"name":"wp","href":"https:\/\/api.w.org\/{rel}","templated":true}]}}